{"id":5,"date":"2015-06-09T13:25:31","date_gmt":"2015-06-09T10:25:31","guid":{"rendered":"http:\/\/jarihuhta.com\/?page_id=5"},"modified":"2026-03-26T15:05:53","modified_gmt":"2026-03-26T12:05:53","slug":"cv","status":"publish","type":"page","link":"https:\/\/jarihuhta.com\/index.php\/cv\/","title":{"rendered":"n\u00e4yttelyt"},"content":{"rendered":"<div class=\"wp-block-image\">\n<figure class=\"alignleft size-full\"><img loading=\"lazy\" decoding=\"async\" width=\"384\" height=\"354\" src=\"https:\/\/jarihuhta.com\/wp-content\/uploads\/italia11.jpg\" alt=\"\" class=\"wp-image-203\" srcset=\"https:\/\/jarihuhta.com\/wp-content\/uploads\/italia11.jpg 384w, https:\/\/jarihuhta.com\/wp-content\/uploads\/italia11-300x277.jpg 300w\" sizes=\"auto, (max-width: 384px) 100vw, 384px\" \/><\/figure>\n<\/div>\n\n\n<div style=\"height:5px\" aria-hidden=\"true\" class=\"wp-block-spacer\"><\/div>\n\n\n\n<div class=\"wp-block-columns is-layout-flex wp-container-core-columns-is-layout-9d6595d7 wp-block-columns-is-layout-flex\">\n<div class=\"wp-block-column is-layout-flow wp-block-column-is-layout-flow\" style=\"flex-basis:66.66%\">\n<h6 class=\"wp-block-heading\"><em>\u201dNuorempana ajattelin tulevani kirjailijaksi. Er\u00e4s yst\u00e4v\u00e4ni oli menossa <\/em><em>maalauskurssille ja huokutteli minua mukaan<\/em><em>. Ajankuluksi p\u00e4\u00e4tin tehd\u00e4 jotain <\/em><em>itsekin, ja alettuani maalata rakastuin siihen v\u00e4litt\u00f6m\u00e4sti.<\/em> <em>Siit\u00e4 l\u00e4htien, kuin j\u00e4rke\u00e4 vailla, olen vain jatkanut sit\u00e4\u2026\u201d<\/em><\/h6>\n<\/div>\n\n\n\n<div class=\"wp-block-column is-layout-flow wp-block-column-is-layout-flow\" style=\"flex-basis:33.33%\"><\/div>\n<\/div>\n\n\n\n<h6 class=\"wp-block-heading paragraph Free_Form\"><em>Yksityisn\u00e4yttelyit\u00e4<\/em>:<\/h6>\n\n\n\n<p class=\"cv-teksti\">2025 Galleria A2, Helsinki<\/p>\n\n\n\n<p class=\"cv-teksti\">2022 Galleria Uusi Kipin\u00e4, Lahti<\/p>\n\n\n\n<p class=\"cv-teksti\">2022 Varjo galleria, Rovaniemi<\/p>\n\n\n\n<p class=\"cv-teksti\">2021 Galleria Harmaja, Oulu<\/p>\n\n\n\n<p class=\"cv-teksti\">2019 Lokal Helsinki<\/p>\n\n\n\n<p class=\"cv-teksti\">2018 G12, Kuopio<\/p>\n\n\n\n<p class=\"cv-teksti\">2017 Galleri Cupido, Tukholma<\/p>\n\n\n\n<p class=\"cv-teksti\">2016 Konsthallen, Tukholma<\/p>\n\n\n\n<p class=\"cv-teksti\">2015 Auran galleria, Turku<\/p>\n\n\n\n<p class=\"cv-teksti\">2014 Galleria Harmaja, Oulu<\/p>\n\n\n\n<p class=\"cv-teksti\">2012 Galleria Saskia, Tampere<\/p>\n\n\n\n<p class=\"cv-teksti\">2012 Auran galleria, Turku<\/p>\n\n\n\n<p class=\"cv-teksti\">2011-12 Oulun Taidemuseon kierton\u00e4yttely<\/p>\n\n\n\n<p class=\"cv-teksti\">2010 Galleria Harmaja, Oulu<\/p>\n\n\n\n<p class=\"cv-teksti\">2009 Galleria Napa, Rovaniemi<\/p>\n\n\n\n<p class=\"cv-teksti\">2009 Portrait\u00b4s Galleria, Pori<\/p>\n\n\n\n<p class=\"cv-teksti\">2007 Galleria Harmaja, Oulu<\/p>\n\n\n\n<p class=\"cv-teksti\">2005 Galleria Pappilan Pihatto, Lappeenranta<\/p>\n\n\n\n<p class=\"cv-teksti\">2004 Galleria Harmaja, Oulu<\/p>\n\n\n\n<p class=\"cv-teksti\">2003 Galleria G, Helsinki<\/p>\n\n\n\n<p class=\"cv-teksti\">2000 Galleria Ama, Turku<\/p>\n\n\n\n<p class=\"cv-teksti\">2000 Galleria Valo, Rovaniemi<\/p>\n\n\n\n<p class=\"cv-teksti\">1996 Galleria G, Helsinki<\/p>\n\n\n\n<p class=\"cv-teksti\">1995 Rovaniemen Taidemuseo<\/p>\n\n\n\n<p class=\"cv-teksti\">1993 Galleria D`Arte, Helsinki<\/p>\n\n\n\n<p class=\"cv-teksti\">1989, Galleria Krista Mikkola, debyyttin\u00e4yttely<\/p>\n\n\n\n<h6 class=\"wp-block-heading paragraph Free_Form\"><em>Viimeaikaisia yhteisn\u00e4yttelyit\u00e4<\/em>:<\/h6>\n\n\n\n<p class=\"cv-teksti\">2021\u201324 Pikinen Polku, Oulu<\/p>\n\n\n\n<p class=\"cv-teksti\">2019 Prima Vista, Rovaniemen Taidemuseo &#8211; Korundi<\/p>\n\n\n\n<p class=\"cv-teksti\">2019 Galleria My\u00f6t\u00e4tuuli, Raahe<\/p>\n\n\n\n<p class=\"cv-teksti\">2019 Ars Arrakoski<\/p>\n\n\n\n<p class=\"cv-teksti\">2016 Hiukka vaaraa, Oulun Taidemuseo<\/p>\n\n\n\n<p class=\"cv-teksti\">2016 Lokal exhibition # 34 &#8211; Smaragdus, Helsinki<\/p>\n\n\n\n<p class=\"cv-teksti\">2015 Peitt\u00e4m\u00e4tt\u00f6m\u00e4t, Rovaniemen Taidemuseo\/Wihurin kokoelmat<\/p>\n\n\n\n<p class=\"cv-teksti\">2014 Kohtaamisia, Rovaniemen Taidemuseo\/Wihurin kokoelmat<\/p>\n\n\n\n<p class=\"cv-teksti\">2014 Sato 1 &amp; 2, Gumbolestrand<\/p>\n\n\n\n<p class=\"cv-teksti\">2014 Lokal Helsinki<\/p>\n\n\n\n<p class=\"cv-teksti\">2014 H\u00e4nt\u00e4 pystyyn, Oulun Taidemuseo<\/p>\n\n\n\n<p class=\"cv-teksti\">2013 Lokal exhibition # 9, Helsinki<\/p>\n\n\n\n<p class=\"cv-teksti\">2012 Lumipalloefekti, Oulun Taidemuseo<\/p>\n\n\n\n<p class=\"cv-teksti\">2011 Kulttuurikeskus Korundi, Rovaniemen Taidemuseo, avajaisn\u00e4yttely<\/p>\n\n\n\n<p class=\"cv-teksti\">2010 Oulun Taidemuseon hankinnat<\/p>\n\n\n\n<p class=\"cv-teksti\">2009 Siirtymariitti, Rovaniemen Taidemuseo<\/p>\n\n\n\n<p class=\"cv-teksti\">2007 Pohjoisen Taivaan alla, Rovaniemen Taidemuseo<\/p>\n\n\n\n<p class=\"cv-teksti\">2006 Kuuma tuuli, Rovaniemen taidemuseo 2006<\/p>\n\n\n\n<p class=\"cv-teksti\">2006 Aivan sama, Rovaniemen Taidemuseo2005 Hibernations, Contemporary Art from Wihuri Collection, Rovaniemi Art Museum and Galleria G, Helsinki 2005<\/p>\n\n\n\n<p class=\"cv-teksti\">2005 Arjen murtumia, Kiasma \u2013 Nykytaiteen museo, Helsinki<\/p>\n\n\n\n<p class=\"cv-teksti\">2005 Piilossa, Rovaniemen Taidemuseo2005<\/p>\n\n\n\n<p class=\"cv-teksti\">2005 M\u00e4nt\u00e4n kuvataideviikot<\/p>\n\n\n\n<p class=\"cv-teksti\">2004 Parasta ennen, Kaapelitehdas Helsinki<\/p>\n\n\n\n<p class=\"cv-teksti\">2004 Talviunia, Rovaniemen Taidemuseo<\/p>\n\n\n\n<p class=\"cv-teksti\">2003 LewAllen Contemporary, Santa Fe, New Mexico, USA<\/p>\n\n\n\n<p class=\"cv-teksti\">2002 State University of West Georgia, USA<\/p>\n\n\n\n<p class=\"cv-teksti\">2002 Perimeter Collage Fine Arts Gallery , Georgia, USA<\/p>\n\n\n\n<p class=\"cv-teksti\">2002 Kes\u00e4n korvilla, Rovaniemen Taidemuseo<\/p>\n\n\n\n<p class=\"cv-teksti\">2001 Pohjoinen Postmodernismi, Kiasma- Nykytaiteen museo<\/p>\n\n\n\n<p class=\"cv-teksti\">2000 Hokkarikukkia, Wihurin Rahaston kokoelmat Helsingissa\u0308<\/p>\n\n\n\n<p class=\"cv-teksti\">2000 Pohjoinen Postmodernismi, Kiasma \u2013Nykytaiteen museo<\/p>\n\n\n\n<h6 class=\"wp-block-heading paragraph Free_Form\"><em>Muu toiminta:<\/em><\/h6>\n\n\n\n<p class=\"cv-teksti\">2018 <a href=\"http:\/\/herahelsinki.fi\/\">Hera \u2013 Helsinki Atelier of Representational Art<\/a> perustaminen<\/p>\n","protected":false},"excerpt":{"rendered":"<p>\u201dNuorempana ajattelin tulevani kirjailijaksi. Er\u00e4s yst\u00e4v\u00e4ni oli menossa maalauskurssille ja huokutteli minua mukaan. Ajankuluksi p\u00e4\u00e4tin tehd\u00e4 jotain itsekin, ja alettuani maalata rakastuin siihen v\u00e4litt\u00f6m\u00e4sti. Siit\u00e4 l\u00e4htien, kuin j\u00e4rke\u00e4 vailla, olen vain jatkanut sit\u00e4\u2026\u201d Yksityisn\u00e4yttelyit\u00e4: 2025 Galleria A2, Helsinki 2022 Galleria Uusi Kipin\u00e4, Lahti 2022 Varjo galleria, Rovaniemi 2021 Galleria Harmaja, Oulu 2019 Lokal Helsinki 2018 &hellip; <a href=\"https:\/\/jarihuhta.com\/index.php\/cv\/\" class=\"more-link\">Jatka lukemista <span class=\"screen-reader-text\">n\u00e4yttelyt<\/span> <span class=\"meta-nav\">&rarr;<\/span><\/a><\/p>\n","protected":false},"author":1,"featured_media":0,"parent":0,"menu_order":0,"comment_status":"closed","ping_status":"open","template":"","meta":{"footnotes":""},"class_list":["post-5","page","type-page","status-publish","hentry"],"_links":{"self":[{"href":"https:\/\/jarihuhta.com\/index.php\/wp-json\/wp\/v2\/pages\/5","targetHints":{"allow":["GET"]}}],"collection":[{"href":"https:\/\/jarihuhta.com\/index.php\/wp-json\/wp\/v2\/pages"}],"about":[{"href":"https:\/\/jarihuhta.com\/index.php\/wp-json\/wp\/v2\/types\/page"}],"author":[{"embeddable":true,"href":"https:\/\/jarihuhta.com\/index.php\/wp-json\/wp\/v2\/users\/1"}],"replies":[{"embeddable":true,"href":"https:\/\/jarihuhta.com\/index.php\/wp-json\/wp\/v2\/comments?post=5"}],"version-history":[{"count":41,"href":"https:\/\/jarihuhta.com\/index.php\/wp-json\/wp\/v2\/pages\/5\/revisions"}],"predecessor-version":[{"id":399,"href":"https:\/\/jarihuhta.com\/index.php\/wp-json\/wp\/v2\/pages\/5\/revisions\/399"}],"wp:attachment":[{"href":"https:\/\/jarihuhta.com\/index.php\/wp-json\/wp\/v2\/media?parent=5"}],"curies":[{"name":"wp","href":"https:\/\/api.w.org\/{rel}","templated":true}]}}