{"id":115,"date":"2015-06-11T16:26:05","date_gmt":"2015-06-11T13:26:05","guid":{"rendered":"http:\/\/jarihuhta.com\/?page_id=115"},"modified":"2026-03-24T20:51:06","modified_gmt":"2026-03-24T17:51:06","slug":"etusivu","status":"publish","type":"page","link":"https:\/\/jarihuhta.com\/","title":{"rendered":""},"content":{"rendered":"\n<figure class=\"wp-block-gallery aligncenter has-nested-images columns-6 is-cropped jari-etusivu-galleria wp-block-gallery-1 is-layout-flex wp-block-gallery-is-layout-flex\">\n<figure class=\"wp-block-image size-large\"><a href=\"https:\/\/jarihuhta.com\/wp-content\/uploads\/ryttyilla\u03081.jpg\"><img loading=\"lazy\" decoding=\"async\" width=\"1024\" height=\"1024\" data-id=\"313\" src=\"https:\/\/jarihuhta.com\/wp-content\/uploads\/ryttyilla\u03081-1024x1024.jpg\" alt=\"\" class=\"wp-image-313\" style=\"aspect-ratio:1\" srcset=\"https:\/\/jarihuhta.com\/wp-content\/uploads\/ryttyilla\u03081-1024x1024.jpg 1024w, https:\/\/jarihuhta.com\/wp-content\/uploads\/ryttyilla\u03081-300x300.jpg 300w, https:\/\/jarihuhta.com\/wp-content\/uploads\/ryttyilla\u03081-150x150.jpg 150w, https:\/\/jarihuhta.com\/wp-content\/uploads\/ryttyilla\u03081-768x768.jpg 768w, https:\/\/jarihuhta.com\/wp-content\/uploads\/ryttyilla\u03081-1536x1536.jpg 1536w, https:\/\/jarihuhta.com\/wp-content\/uploads\/ryttyilla\u03081-2048x2048.jpg 2048w\" sizes=\"auto, (max-width: 1024px) 100vw, 1024px\" \/><\/a><figcaption class=\"wp-element-caption\">&#8221;Mulle ei ryttyill\u00e4.&#8221;<\/figcaption><\/figure>\n\n\n\n<figure class=\"wp-block-image size-thumbnail\"><a href=\"https:\/\/jarihuhta.com\/wp-content\/uploads\/20210215-DSC_1366-2.jpg\"><img loading=\"lazy\" decoding=\"async\" width=\"150\" height=\"150\" data-id=\"259\" src=\"https:\/\/jarihuhta.com\/wp-content\/uploads\/20210215-DSC_1366-2-150x150.jpg\" alt=\"Jari Huhta: Studio Etana -n\u00e4yttely\" class=\"wp-image-259\" style=\"aspect-ratio:1\"\/><\/a><figcaption class=\"wp-element-caption\">&#8221;Dussera II&#8221;<\/figcaption><\/figure>\n\n\n\n<figure class=\"wp-block-image size-thumbnail\"><a href=\"https:\/\/jarihuhta.com\/wp-content\/uploads\/20210215-DSC_1344-2.jpg\"><img loading=\"lazy\" decoding=\"async\" width=\"150\" height=\"150\" data-id=\"274\" src=\"https:\/\/jarihuhta.com\/wp-content\/uploads\/20210215-DSC_1344-2-150x150.jpg\" alt=\"Jari Huhta: Studio Etana -n\u00e4yttely\" class=\"wp-image-274\" style=\"aspect-ratio:1\"\/><\/a><figcaption class=\"wp-element-caption\">&#8221;Olen ty\u00f6t\u00f6n ja teen kaikkea s\u00e4l\u00e4\u00e4&#8221;<\/figcaption><\/figure>\n\n\n\n<figure class=\"wp-block-image size-thumbnail\"><a href=\"https:\/\/jarihuhta.com\/wp-content\/uploads\/20210215-DSC_1375-2.jpg\"><img loading=\"lazy\" decoding=\"async\" width=\"150\" height=\"150\" data-id=\"275\" src=\"https:\/\/jarihuhta.com\/wp-content\/uploads\/20210215-DSC_1375-2-150x150.jpg\" alt=\"Jari Huhta: Studio Etana -n\u00e4yttely\" class=\"wp-image-275\" style=\"aspect-ratio:1\"\/><\/a><figcaption class=\"wp-element-caption\">Nen\u00e4maalaus<\/figcaption><\/figure>\n\n\n\n<figure class=\"wp-block-image size-large\"><a href=\"https:\/\/jarihuhta.com\/wp-content\/uploads\/tyo\u0308to\u0308n-scaled.jpg\"><img loading=\"lazy\" decoding=\"async\" width=\"744\" height=\"1024\" data-id=\"331\" src=\"https:\/\/jarihuhta.com\/wp-content\/uploads\/tyo\u0308to\u0308n-744x1024.jpg\" alt=\"\" class=\"wp-image-331\" style=\"aspect-ratio:1\" srcset=\"https:\/\/jarihuhta.com\/wp-content\/uploads\/tyo\u0308to\u0308n-744x1024.jpg 744w, https:\/\/jarihuhta.com\/wp-content\/uploads\/tyo\u0308to\u0308n-218x300.jpg 218w, https:\/\/jarihuhta.com\/wp-content\/uploads\/tyo\u0308to\u0308n-768x1057.jpg 768w, https:\/\/jarihuhta.com\/wp-content\/uploads\/tyo\u0308to\u0308n-1116x1536.jpg 1116w, https:\/\/jarihuhta.com\/wp-content\/uploads\/tyo\u0308to\u0308n-1488x2048.jpg 1488w, https:\/\/jarihuhta.com\/wp-content\/uploads\/tyo\u0308to\u0308n-scaled.jpg 1861w\" sizes=\"auto, (max-width: 744px) 100vw, 744px\" \/><\/a><figcaption class=\"wp-element-caption\">&#8221;Olen ty\u00f6t\u00f6n ja teen kaikkea s\u00e4l\u00e4\u00e4&#8221;<\/figcaption><\/figure>\n\n\n\n<figure class=\"wp-block-image size-thumbnail\"><a href=\"https:\/\/jarihuhta.com\/wp-content\/uploads\/20210215-DSC_1369-2.jpg\"><img loading=\"lazy\" decoding=\"async\" width=\"150\" height=\"150\" data-id=\"257\" src=\"https:\/\/jarihuhta.com\/wp-content\/uploads\/20210215-DSC_1369-2-150x150.jpg\" alt=\"Jari Huhta: Studio Etana -n\u00e4yttely\" class=\"wp-image-257\" style=\"aspect-ratio:1\" srcset=\"https:\/\/jarihuhta.com\/wp-content\/uploads\/20210215-DSC_1369-2-150x150.jpg 150w, https:\/\/jarihuhta.com\/wp-content\/uploads\/20210215-DSC_1369-2-300x300.jpg 300w, https:\/\/jarihuhta.com\/wp-content\/uploads\/20210215-DSC_1369-2.jpg 765w\" sizes=\"auto, (max-width: 150px) 100vw, 150px\" \/><\/a><figcaption class=\"wp-element-caption\">&#8221;Poika joka voitti pelon&#8221;<\/figcaption><\/figure>\n\n\n\n<figure class=\"wp-block-image size-large\"><a href=\"https:\/\/jarihuhta.com\/wp-content\/uploads\/mollimatonen-scaled.jpg\"><img loading=\"lazy\" decoding=\"async\" width=\"1024\" height=\"792\" data-id=\"324\" src=\"https:\/\/jarihuhta.com\/wp-content\/uploads\/mollimatonen-1024x792.jpg\" alt=\"\" class=\"wp-image-324\" style=\"aspect-ratio:1\" srcset=\"https:\/\/jarihuhta.com\/wp-content\/uploads\/mollimatonen-1024x792.jpg 1024w, https:\/\/jarihuhta.com\/wp-content\/uploads\/mollimatonen-300x232.jpg 300w, https:\/\/jarihuhta.com\/wp-content\/uploads\/mollimatonen-768x594.jpg 768w, https:\/\/jarihuhta.com\/wp-content\/uploads\/mollimatonen-1536x1188.jpg 1536w, https:\/\/jarihuhta.com\/wp-content\/uploads\/mollimatonen-2048x1584.jpg 2048w\" sizes=\"auto, (max-width: 1024px) 100vw, 1024px\" \/><\/a><figcaption class=\"wp-element-caption\">&#8221;Mollimatonen&#8221;<\/figcaption><\/figure>\n\n\n\n<figure class=\"wp-block-image size-large\"><a href=\"https:\/\/jarihuhta.com\/wp-content\/uploads\/hyva\u0308nna\u0308ko\u0308inen-scaled.jpg\"><img loading=\"lazy\" decoding=\"async\" width=\"916\" height=\"1024\" data-id=\"326\" src=\"https:\/\/jarihuhta.com\/wp-content\/uploads\/hyva\u0308nna\u0308ko\u0308inen-916x1024.jpg\" alt=\"\" class=\"wp-image-326\" style=\"aspect-ratio:1\" srcset=\"https:\/\/jarihuhta.com\/wp-content\/uploads\/hyva\u0308nna\u0308ko\u0308inen-916x1024.jpg 916w, https:\/\/jarihuhta.com\/wp-content\/uploads\/hyva\u0308nna\u0308ko\u0308inen-268x300.jpg 268w, https:\/\/jarihuhta.com\/wp-content\/uploads\/hyva\u0308nna\u0308ko\u0308inen-768x859.jpg 768w, https:\/\/jarihuhta.com\/wp-content\/uploads\/hyva\u0308nna\u0308ko\u0308inen-1373x1536.jpg 1373w, https:\/\/jarihuhta.com\/wp-content\/uploads\/hyva\u0308nna\u0308ko\u0308inen-1831x2048.jpg 1831w\" sizes=\"auto, (max-width: 916px) 100vw, 916px\" \/><\/a><figcaption class=\"wp-element-caption\">&#8221;Hyv\u00e4nn\u00e4k\u00f6inen&#8221;<\/figcaption><\/figure>\n\n\n\n<figure class=\"wp-block-image size-large\"><a href=\"https:\/\/jarihuhta.com\/wp-content\/uploads\/gorgo1-e1482071404207.jpg\"><img loading=\"lazy\" decoding=\"async\" width=\"1024\" height=\"897\" data-id=\"93\" src=\"https:\/\/jarihuhta.com\/wp-content\/uploads\/gorgo1-1024x897.jpg\" alt=\"Jari Huhta: Meduusa\" class=\"wp-image-93\" style=\"aspect-ratio:1\"\/><\/a><figcaption class=\"wp-element-caption\">Gorgo<\/figcaption><\/figure>\n\n\n\n<figure class=\"wp-block-image size-large\"><a href=\"https:\/\/jarihuhta.com\/wp-content\/uploads\/la\u0308vistys-pieni-scaled.jpg\"><img loading=\"lazy\" decoding=\"async\" width=\"1024\" height=\"867\" data-id=\"329\" src=\"https:\/\/jarihuhta.com\/wp-content\/uploads\/la\u0308vistys-pieni-1024x867.jpg\" alt=\"\" class=\"wp-image-329\" style=\"aspect-ratio:1\" srcset=\"https:\/\/jarihuhta.com\/wp-content\/uploads\/la\u0308vistys-pieni-1024x867.jpg 1024w, https:\/\/jarihuhta.com\/wp-content\/uploads\/la\u0308vistys-pieni-300x254.jpg 300w, https:\/\/jarihuhta.com\/wp-content\/uploads\/la\u0308vistys-pieni-768x650.jpg 768w, https:\/\/jarihuhta.com\/wp-content\/uploads\/la\u0308vistys-pieni-1536x1300.jpg 1536w, https:\/\/jarihuhta.com\/wp-content\/uploads\/la\u0308vistys-pieni-2048x1734.jpg 2048w\" sizes=\"auto, (max-width: 1024px) 100vw, 1024px\" \/><\/a><figcaption class=\"wp-element-caption\">&#8221;Pari l\u00e4vistyst\u00e4\u2026&#8221;<\/figcaption><\/figure>\n\n\n\n<figure class=\"wp-block-image size-thumbnail\"><a href=\"https:\/\/jarihuhta.com\/wp-content\/uploads\/katjaallstrars.jpg\"><img loading=\"lazy\" decoding=\"async\" width=\"150\" height=\"150\" data-id=\"98\" src=\"https:\/\/jarihuhta.com\/wp-content\/uploads\/katjaallstrars-150x150.jpg\" alt=\"Jari Huhta:&quot;Shh..&quot;&quot;\" class=\"wp-image-98\" style=\"aspect-ratio:1\"\/><\/a><figcaption class=\"wp-element-caption\">&#8221;Shh..&#8221;<\/figcaption><\/figure>\n\n\n\n<figure class=\"wp-block-image size-large\"><a href=\"https:\/\/jarihuhta.com\/wp-content\/uploads\/punainen.jpg\"><img loading=\"lazy\" decoding=\"async\" width=\"966\" height=\"1024\" data-id=\"89\" src=\"https:\/\/jarihuhta.com\/wp-content\/uploads\/punainen-966x1024.jpg\" alt=\"Jari Huhta: Punainen\" class=\"wp-image-89\" style=\"aspect-ratio:1\" srcset=\"https:\/\/jarihuhta.com\/wp-content\/uploads\/punainen-966x1024.jpg 966w, https:\/\/jarihuhta.com\/wp-content\/uploads\/punainen-283x300.jpg 283w, https:\/\/jarihuhta.com\/wp-content\/uploads\/punainen.jpg 1107w\" sizes=\"auto, (max-width: 966px) 100vw, 966px\" \/><\/a><figcaption class=\"wp-element-caption\">Punainen<\/figcaption><\/figure>\n\n\n\n<figure class=\"wp-block-image size-large\"><a href=\"https:\/\/jarihuhta.com\/wp-content\/uploads\/kaisa1-e1482071870152.jpg\"><img loading=\"lazy\" decoding=\"async\" width=\"807\" height=\"1024\" data-id=\"80\" src=\"https:\/\/jarihuhta.com\/wp-content\/uploads\/kaisa1-807x1024.jpg\" alt=\"Jari Huhta: Huoletta\" class=\"wp-image-80\" style=\"aspect-ratio:1\"\/><\/a><figcaption class=\"wp-element-caption\">Huoletta<\/figcaption><\/figure>\n\n\n\n<figure class=\"wp-block-image size-large\"><a href=\"https:\/\/jarihuhta.com\/wp-content\/uploads\/kaksi1.jpg\"><img loading=\"lazy\" decoding=\"async\" width=\"1024\" height=\"454\" data-id=\"76\" src=\"https:\/\/jarihuhta.com\/wp-content\/uploads\/kaksi1-1024x454.jpg\" alt=\"Jari Huhta: Kaksi\" class=\"wp-image-76\" style=\"aspect-ratio:1\" srcset=\"https:\/\/jarihuhta.com\/wp-content\/uploads\/kaksi1-1024x454.jpg 1024w, https:\/\/jarihuhta.com\/wp-content\/uploads\/kaksi1-300x133.jpg 300w\" sizes=\"auto, (max-width: 1024px) 100vw, 1024px\" \/><\/a><figcaption class=\"wp-element-caption\">Kaksi<\/figcaption><\/figure>\n\n\n\n<figure class=\"wp-block-image size-large\"><a href=\"https:\/\/jarihuhta.com\/wp-content\/uploads\/pienoismaalaus1.jpg\"><img loading=\"lazy\" decoding=\"async\" width=\"1024\" height=\"487\" data-id=\"75\" src=\"https:\/\/jarihuhta.com\/wp-content\/uploads\/pienoismaalaus1-1024x487.jpg\" alt=\"Jari Huhta: Kes\u00e4maalaus\" class=\"wp-image-75\" style=\"aspect-ratio:1\" srcset=\"https:\/\/jarihuhta.com\/wp-content\/uploads\/pienoismaalaus1-1024x487.jpg 1024w, https:\/\/jarihuhta.com\/wp-content\/uploads\/pienoismaalaus1-300x143.jpg 300w, https:\/\/jarihuhta.com\/wp-content\/uploads\/pienoismaalaus1.jpg 1442w\" sizes=\"auto, (max-width: 1024px) 100vw, 1024px\" \/><\/a><figcaption class=\"wp-element-caption\">Kes\u00e4maalaus<\/figcaption><\/figure>\n\n\n\n<figure class=\"wp-block-image size-large\"><a href=\"https:\/\/jarihuhta.com\/wp-content\/uploads\/Kuva-Jari-Huhta-32.jpg\"><img loading=\"lazy\" decoding=\"async\" width=\"1024\" height=\"867\" data-id=\"57\" src=\"https:\/\/jarihuhta.com\/wp-content\/uploads\/Kuva-Jari-Huhta-32-1024x867.jpg\" alt=\"\" class=\"wp-image-57\" style=\"aspect-ratio:1\" srcset=\"https:\/\/jarihuhta.com\/wp-content\/uploads\/Kuva-Jari-Huhta-32-1024x867.jpg 1024w, https:\/\/jarihuhta.com\/wp-content\/uploads\/Kuva-Jari-Huhta-32-300x254.jpg 300w, https:\/\/jarihuhta.com\/wp-content\/uploads\/Kuva-Jari-Huhta-32.jpg 1209w\" sizes=\"auto, (max-width: 1024px) 100vw, 1024px\" \/><\/a><figcaption class=\"wp-element-caption\">Japanilainen piirrustuslaite<\/figcaption><\/figure>\n\n\n\n<figure class=\"wp-block-image size-large\"><a href=\"https:\/\/jarihuhta.com\/wp-content\/uploads\/Kuva-Jari-Huhta-22.jpg\"><img loading=\"lazy\" decoding=\"async\" width=\"608\" height=\"1024\" data-id=\"47\" src=\"https:\/\/jarihuhta.com\/wp-content\/uploads\/Kuva-Jari-Huhta-22-608x1024.jpg\" alt=\"Jari Huhta: Dussera\" class=\"wp-image-47\" style=\"aspect-ratio:1\" srcset=\"https:\/\/jarihuhta.com\/wp-content\/uploads\/Kuva-Jari-Huhta-22.jpg 608w, https:\/\/jarihuhta.com\/wp-content\/uploads\/Kuva-Jari-Huhta-22-178x300.jpg 178w\" sizes=\"auto, (max-width: 608px) 100vw, 608px\" \/><\/a><figcaption class=\"wp-element-caption\">Dussera<\/figcaption><\/figure>\n\n\n\n<figure class=\"wp-block-image size-large\"><a href=\"https:\/\/jarihuhta.com\/wp-content\/uploads\/arvokkaiden-naisten-ka\u0308sikirjasta1.jpg\"><img loading=\"lazy\" decoding=\"async\" width=\"1024\" height=\"742\" data-id=\"183\" src=\"https:\/\/jarihuhta.com\/wp-content\/uploads\/arvokkaiden-naisten-ka\u0308sikirjasta1-1024x742.jpg\" alt=\"Jari Huhta: Arvokkaiden naisten seurassa\" class=\"wp-image-183\" style=\"aspect-ratio:1\" srcset=\"https:\/\/jarihuhta.com\/wp-content\/uploads\/arvokkaiden-naisten-ka\u0308sikirjasta1-1024x742.jpg 1024w, https:\/\/jarihuhta.com\/wp-content\/uploads\/arvokkaiden-naisten-ka\u0308sikirjasta1-300x217.jpg 300w, https:\/\/jarihuhta.com\/wp-content\/uploads\/arvokkaiden-naisten-ka\u0308sikirjasta1-768x557.jpg 768w, https:\/\/jarihuhta.com\/wp-content\/uploads\/arvokkaiden-naisten-ka\u0308sikirjasta1.jpg 1138w\" sizes=\"auto, (max-width: 1024px) 100vw, 1024px\" \/><\/a><figcaption class=\"wp-element-caption\">Arvokkaiden naisten seurassa<\/figcaption><\/figure>\n<\/figure>\n\n\n\n<div style=\"height:30px\" aria-hidden=\"true\" class=\"wp-block-spacer\"><\/div>\n\n\n\n<p class=\"has-text-align-center\"><\/p>\n","protected":false},"excerpt":{"rendered":"","protected":false},"author":1,"featured_media":0,"parent":0,"menu_order":0,"comment_status":"closed","ping_status":"open","template":"","meta":{"footnotes":""},"class_list":["post-115","page","type-page","status-publish","hentry"],"_links":{"self":[{"href":"https:\/\/jarihuhta.com\/index.php\/wp-json\/wp\/v2\/pages\/115","targetHints":{"allow":["GET"]}}],"collection":[{"href":"https:\/\/jarihuhta.com\/index.php\/wp-json\/wp\/v2\/pages"}],"about":[{"href":"https:\/\/jarihuhta.com\/index.php\/wp-json\/wp\/v2\/types\/page"}],"author":[{"embeddable":true,"href":"https:\/\/jarihuhta.com\/index.php\/wp-json\/wp\/v2\/users\/1"}],"replies":[{"embeddable":true,"href":"https:\/\/jarihuhta.com\/index.php\/wp-json\/wp\/v2\/comments?post=115"}],"version-history":[{"count":56,"href":"https:\/\/jarihuhta.com\/index.php\/wp-json\/wp\/v2\/pages\/115\/revisions"}],"predecessor-version":[{"id":373,"href":"https:\/\/jarihuhta.com\/index.php\/wp-json\/wp\/v2\/pages\/115\/revisions\/373"}],"wp:attachment":[{"href":"https:\/\/jarihuhta.com\/index.php\/wp-json\/wp\/v2\/media?parent=115"}],"curies":[{"name":"wp","href":"https:\/\/api.w.org\/{rel}","templated":true}]}}